{"id":102,"date":"2024-01-18T21:34:12","date_gmt":"2024-01-18T20:34:12","guid":{"rendered":"http:\/\/lucianogarcia.ddns.me\/?page_id=102"},"modified":"2026-04-28T19:45:26","modified_gmt":"2026-04-28T17:45:26","slug":"experiencias-profissionais","status":"publish","type":"page","link":"https:\/\/lucianogg.info\/?page_id=102","title":{"rendered":"Experi\u00eancias Profissionais"},"content":{"rendered":"<p><strong>TRABALHO ATUAL<\/strong><\/p>\n<p><strong><a href=\"https:\/\/www.avasotech.com\/\" target=\"_blank\" rel=\"noopener noreferrer\">AVASO<\/a>\u00a0Technology Solutions.<br \/>\n<\/strong>como T\u00e9cnico IT Service Desk.<br \/>\nFun\u00e7\u00e3o desenvolvida: T\u00e9cnico de inform\u00e1tica (ServiceDesk).<\/p>\n<hr \/>\n<p><strong>EXPERI\u00caNCIAS\u00a0ANTERIORES<\/strong><\/p>\n<p><strong>Empregos:<\/strong><\/p>\n<ul>\n<li>BMB Sistemas de Seguran\u00e7a<br \/>\nInicio: 01\/10\/2015<br \/>\nTermino: 15\/01\/2016<br \/>\nFun\u00e7\u00e3o desenvolvida: Gerente de T.I.<\/li>\n<\/ul>\n<p><span lang=\"es-ES\"><b>Fun\u00e7\u00e3o espec\u00edfica: <\/b><\/span>Montagem do setor de inform\u00e1tica da empresa. Incluindo consultoria, configura\u00e7\u00e3o e montagem de computadores, equipamentos de rede (Switch e pontos Wi-Fi), servidor Windows com AD e compartilhamento de arquivos. Assim como o desenvolvimento do site da empresa.<\/p>\n<ul>\n<li>Col\u00e9gio Alvo.<br \/>\nInicio: 01\/03\/2016<br \/>\nTermino: 30\/06\/2016<br \/>\nFun\u00e7\u00e3o desenvolvida: Professor substituto de F\u00edsica e Ingl\u00eas.<\/li>\n<li><a href=\"https:\/\/www.valecard.com.br\/\" target=\"_blank\" rel=\"noopener noreferrer\">Valecard<\/a>\u00a0(Trivale Administra\u00e7\u00e3o).<br \/>\nInicio: 01\/10\/2016<br \/>\nTermino: 30\/07\/2017<br \/>\nFun\u00e7\u00e3o desenvolvida: Credenciador de rede.<\/li>\n<\/ul>\n<p class=\"western\" lang=\"en-US\" align=\"left\"><span lang=\"es-ES\"><b>Fun\u00e7\u00e3o espec\u00edfica: <\/b><\/span><span style=\"color: #4b4b4d;\"><span style=\"font-family: FreeSans, sans-serif;\"><span lang=\"es-ES\">Negocia\u00e7\u00e3o, configura\u00e7\u00e3o, venda e aluguel de m\u00e1quinas POS para um importante cliente da \u00e1rea de cart\u00f5es de cr\u00e9dito corporativos (benef\u00edcios trabalhistas). Consolida\u00e7\u00e3o de parceria entre a empresa prestadora de servi\u00e7o e <\/span><\/span><\/span><span style=\"color: #4b4b4d;\"><span style=\"font-family: FreeSans, sans-serif;\"><span lang=\"es-ES\">o <\/span><\/span><\/span><span style=\"color: #4b4b4d;\"><span style=\"font-family: FreeSans, sans-serif;\"><span lang=\"es-ES\">cliente fina<\/span><\/span><\/span><span style=\"color: #4b4b4d;\"><span style=\"font-family: FreeSans, sans-serif;\"><span lang=\"es-ES\">l<\/span><\/span><\/span><span style=\"color: #4b4b4d;\"><span style=\"font-family: FreeSans, sans-serif;\"><span lang=\"es-ES\">. Trabalho de p\u00f3s-venda e gerenciamento de solicita\u00e7\u00f5es e altera\u00e7\u00f5es contratuais.<\/span><\/span><\/span><\/p>\n<hr \/>\n<p><strong>Est\u00e1gios:<\/strong><\/p>\n<ul>\n<li>Fundo estadual de prote\u00e7\u00e3o e defesa do consumidor &#8211;\u00a0<a href=\"https:\/\/goias.gov.br\/procon\/\" target=\"_blank\" rel=\"noopener noreferrer\">PROCON GO<\/a>.<br \/>\nInicio: 06\/04\/2009<br \/>\nTermino: 03\/09\/2009<br \/>\nFun\u00e7\u00e3o desenvolvida: T\u00e9cnico de inform\u00e1tica (ServiceDesk).<\/li>\n<li><a href=\"http:\/\/www.santacasago.org.br\/\" target=\"_blank\" rel=\"noopener noreferrer\">Santa Casa de Miseric\u00f3rdia<\/a>.<br \/>\nInicio: 18\/01\/2010<br \/>\nTermino: 17\/06\/2010<br \/>\nFun\u00e7\u00e3o desenvolvida: T\u00e9cnico de inform\u00e1tica (ServiceDesk).<\/li>\n<li>Laborat\u00f3rio\u00a0<a href=\"https:\/\/www.citocenter.com.br\/home\" target=\"_blank\" rel=\"noopener noreferrer\">Cito Center<\/a>.<br \/>\nInicio: 26\/07\/2010<br \/>\nTermino: 14\/09\/2010<br \/>\nFun\u00e7\u00e3o desenvolvida: T\u00e9cnico de inform\u00e1tica (ServiceDesk).<\/li>\n<li>Tribunal de Justi\u00e7a do Estado de Goi\u00e1s &#8211;\u00a0<a href=\"https:\/\/www.tjgo.jus.br\/\" target=\"_blank\" rel=\"noopener noreferrer\">TJGO<\/a>.<br \/>\nInicio: 21\/06\/2011<br \/>\nTermino: 30\/06\/2013<br \/>\nFun\u00e7\u00e3o desenvolvida: T\u00e9cnico de inform\u00e1tica (ServiceDesk).<\/li>\n<\/ul>\n<p>Suporte presencial e remoto a usuarios. Manuten\u00e7\u00e3o de computadores, notebooks e impressoras. Formata\u00e7\u00e3o\u00a0e copia de seguran\u00e7a. Configura<span lang=\"es-ES\">\u00e7\u00e3o<\/span><span lang=\"es-ES\"> de roteadores WiFi e AP. Instala\u00e7\u00e3o e configura\u00e7\u00e3o de maquinas Windows e Linux, al\u00e9m de softwares necess\u00e1rios para uso de casa usu\u00e1rio.\u00a0<\/span><\/p>\n<p>&nbsp;<\/p>\n<hr \/>\n<p class=\"western\" lang=\"en-US\" align=\"left\"><strong>Projetos:<\/strong><\/p>\n<ul>\n<li>\n<p class=\"western\" lang=\"en-US\" align=\"left\"><span lang=\"en-US\">Automa\u00e7\u00e3o LFS (Chunguitos): Desenvolvimento de scripts Bash para automa\u00e7\u00e3o da compila\u00e7\u00e3o do Linux From Scratch (<a href=\"https:\/\/github.com\/lggarcia\/chunguitos\">https:\/\/github.com\/lggarcia\/chunguitos<\/a>);<\/span><\/p>\n<\/li>\n<li>\n<p class=\"western\" lang=\"en-US\" align=\"left\"><span lang=\"en-US\">Canal de Youtube (<a href=\"http:\/\/www.youtube.com\/garciaexplica\">www.youtube.com\/garciaexplica<\/a>);<\/span><\/p>\n<\/li>\n<li>\n<p class=\"western\" lang=\"en-US\" align=\"left\"><span lang=\"en-US\">Contribuidor do projeto ArduCAM;<\/span><\/p>\n<\/li>\n<li>\n<p class=\"western\" lang=\"en-US\" align=\"left\"><span lang=\"en-US\">Homelab Proxmox: Administra\u00e7\u00e3o de servidor pessoal virtualizado com m\u00faltiplos servi\u00e7os (Maquinas virtuais com Debian Linux):<\/span><\/p>\n<ul>\n<li>\n<p class=\"western\" lang=\"en-US\" align=\"left\"><span lang=\"en-US\">Proxmox;<\/span><\/p>\n<\/li>\n<li>\n<p class=\"western\" lang=\"en-US\" align=\"left\"><span lang=\"en-US\">Ansible;<\/span><\/p>\n<\/li>\n<li>\n<p class=\"western\" lang=\"en-US\" align=\"left\"><span lang=\"en-US\">LAMP;<\/span><\/p>\n<\/li>\n<li>\n<p class=\"western\" lang=\"en-US\" align=\"left\"><span lang=\"en-US\">Zabbix;<\/span><\/p>\n<\/li>\n<li>\n<p class=\"western\" lang=\"en-US\" align=\"left\"><span lang=\"en-US\">Nextcloud;<\/span><\/p>\n<\/li>\n<li>\n<p class=\"western\" lang=\"en-US\" align=\"left\"><span lang=\"en-US\">GLPI;<\/span><\/p>\n<\/li>\n<li>\n<p class=\"western\" lang=\"en-US\" align=\"left\"><span lang=\"en-US\">Bitwarden;<\/span><\/p>\n<\/li>\n<li>\n<p class=\"western\" lang=\"en-US\" align=\"left\"><span lang=\"en-US\">KASM;<\/span><\/p>\n<\/li>\n<li>\n<p class=\"western\" lang=\"en-US\" align=\"left\"><span lang=\"en-US\">Guacamole;<\/span><\/p>\n<\/li>\n<li>\n<p class=\"western\" lang=\"en-US\" align=\"left\"><span lang=\"en-US\">PXE-Boot com Netboot-xyz;<\/span><\/p>\n<\/li>\n<li>\n<p class=\"western\" lang=\"en-US\" align=\"left\"><span lang=\"en-US\">OpenVPN;<\/span><\/p>\n<\/li>\n<li>\n<p class=\"western\" lang=\"en-US\" align=\"left\"><span lang=\"en-US\">pfSense;<\/span><\/p>\n<\/li>\n<li>\n<p class=\"western\" lang=\"en-US\" align=\"left\"><span lang=\"en-US\">N8N;<\/span><\/p>\n<\/li>\n<li>\n<p class=\"western\" lang=\"en-US\" align=\"left\"><span lang=\"en-US\">PBS;<\/span><\/p>\n<\/li>\n<li>\n<p class=\"western\" lang=\"en-US\" align=\"left\"><span lang=\"en-US\">Home Assistant.<\/span><\/p>\n<\/li>\n<\/ul>\n<\/li>\n<\/ul>\n","protected":false},"excerpt":{"rendered":"<p>TRABALHO ATUAL AVASO\u00a0Technology Solutions. como T\u00e9cnico IT Service Desk. Fun\u00e7\u00e3o desenvolvida: T\u00e9cnico de inform\u00e1tica (ServiceDesk). EXPERI\u00caNCIAS\u00a0ANTERIORES Empregos: BMB Sistemas de Seguran\u00e7a Inicio: [&hellip;]<\/p>\n","protected":false},"author":1,"featured_media":0,"parent":0,"menu_order":0,"comment_status":"closed","ping_status":"closed","template":"","meta":{"footnotes":""},"class_list":["post-102","page","type-page","status-publish","hentry"],"_links":{"self":[{"href":"https:\/\/lucianogg.info\/index.php?rest_route=\/wp\/v2\/pages\/102","targetHints":{"allow":["GET"]}}],"collection":[{"href":"https:\/\/lucianogg.info\/index.php?rest_route=\/wp\/v2\/pages"}],"about":[{"href":"https:\/\/lucianogg.info\/index.php?rest_route=\/wp\/v2\/types\/page"}],"author":[{"embeddable":true,"href":"https:\/\/lucianogg.info\/index.php?rest_route=\/wp\/v2\/users\/1"}],"replies":[{"embeddable":true,"href":"https:\/\/lucianogg.info\/index.php?rest_route=%2Fwp%2Fv2%2Fcomments&post=102"}],"version-history":[{"count":27,"href":"https:\/\/lucianogg.info\/index.php?rest_route=\/wp\/v2\/pages\/102\/revisions"}],"predecessor-version":[{"id":318,"href":"https:\/\/lucianogg.info\/index.php?rest_route=\/wp\/v2\/pages\/102\/revisions\/318"}],"wp:attachment":[{"href":"https:\/\/lucianogg.info\/index.php?rest_route=%2Fwp%2Fv2%2Fmedia&parent=102"}],"curies":[{"name":"wp","href":"https:\/\/api.w.org\/{rel}","templated":true}]}}