{"id":117,"date":"2024-01-18T21:48:52","date_gmt":"2024-01-18T20:48:52","guid":{"rendered":"http:\/\/lucianogarcia.ddns.me\/?page_id=117"},"modified":"2026-04-30T12:50:02","modified_gmt":"2026-04-30T10:50:02","slug":"formacao-academica","status":"publish","type":"page","link":"https:\/\/lucianogg.info\/?page_id=117","title":{"rendered":"Forma\u00e7\u00e3o Acad\u00eamica"},"content":{"rendered":"<p>FORMA\u00c7\u00c3O ACAD\u00caMICA<\/p>\n<ol>\n<li>Bacharel em <a href=\"https:\/\/lucianogg.info\/wp-content\/uploads\/2024\/01\/diploma-PUC-frente.jpg\" target=\"_blank\" rel=\"noopener\">Engenharia de Computa\u00e7\u00e3o<\/a> pela <a href=\"https:\/\/www.pucgoias.edu.br\/\" target=\"_blank\" rel=\"noopener\">PUC-GO<\/a> (Brasil); (<a href=\"https:\/\/lucianogg.info\/wp-content\/uploads\/2024\/01\/Matriz-Engenharia-Computacao-20071.pdf\" target=\"_blank\" rel=\"noopener\">Hist\u00f3rico<\/a>)<\/li>\n<li>N\u00edvel M\u00e9dio em <a href=\"https:\/\/lucianogg.info\/wp-content\/uploads\/2024\/01\/Diploma-IFG-Frente.jpg\" target=\"_blank\" rel=\"noopener\">Administra\u00e7\u00e3o<\/a> pelo <a href=\"https:\/\/www.ifgoiano.edu.br\/\" target=\"_blank\" rel=\"noopener\">IFGoi\u00e2no<\/a> (Brasil). (<a href=\"https:\/\/lucianogg.info\/wp-content\/uploads\/2024\/01\/Historico-Escolar-IFG-frente.jpg\" target=\"_blank\" rel=\"noopener\">Hist\u00f3tico<\/a>)<\/li>\n<li>LPIC-1: Linux Administrator (Em prepara\u00e7\u00e3o &#8211; Previsto para 2026)<\/li>\n<\/ol>\n<hr \/>\n<p>CONHECIMENTOS ADICIONAIS<\/p>\n<ul>\n<li>Windows;<\/li>\n<li>Linux (Preferido: Debian);<\/li>\n<li>Montagem e manuten\u00e7\u00e3o de computadores;<\/li>\n<li>Web Design (WordPress &amp; JOOMLA);<\/li>\n<li>LAMP;<\/li>\n<li>pfSense;<\/li>\n<li>Zabbix;<\/li>\n<li>GLPI;<\/li>\n<li>PXE-Boot (Netboot.xyz);<\/li>\n<li>KASM;<\/li>\n<li>Apache Guacamole;<\/li>\n<li>Bitwarden;<\/li>\n<li>OpenVPN,<\/li>\n<li>Conex\u00f5es remotas (SSH, VNC, Teamviewer, Dameware, etc),<\/li>\n<li>Virtualiza\u00e7\u00e3o (Proxmox &amp; PBS);<\/li>\n<li>FileTransferProtocol;<\/li>\n<li>SAMBA;<\/li>\n<li>Microcontroladores (Arduino\/Atmel);<\/li>\n<li>Raspberry Pi;<\/li>\n<li>Edi\u00e7\u00e3o de imagens (GIMP);<\/li>\n<li>Edi\u00e7\u00e3o de v\u00eddeos (Kdenlive);<\/li>\n<li>Bash Scripting (com Zenity);<\/li>\n<li>Ansible;<\/li>\n<li>Power Shell Scripting.<\/li>\n<\/ul>\n<hr \/>\n<p>CURSOS ADICIONAIS<\/p>\n<ol>\n<li><a href=\"https:\/\/lucianogg.info\/wp-content\/uploads\/2024\/01\/Sistema Operativo Linux.PDF\" target=\"_blank\" rel=\"noopener\">Sistema Operativo Linux<\/a> \u2013 Proyecto Universidad Empresa.<br \/>\nConclus\u00e3o em 02\/2026.<\/li>\n<li><a href=\"https:\/\/lucianogg.info\/wp-content\/uploads\/2024\/01\/Trabajo en Altura.pdf\" target=\"_blank\" rel=\"noopener\">Trabajos en Altura<\/a> \u2013 Vitaly Healt Services.<br \/>\nConclus\u00e3o em 03\/2026.<\/li>\n<li><a href=\"https:\/\/lucianogg.info\/wp-content\/uploads\/2024\/01\/Seguridad-informatica-y-coms-EIE.pdf\" target=\"_blank\" rel=\"noopener\">Seguridad de los Sistemas Inform\u00e1ticos y de Comunicaci\u00f3n<\/a>\u2013 Academia Lagasca Serrano.<br \/>\nConclus\u00e3o em 08\/2023.<\/li>\n<li><a href=\"https:\/\/lucianogg.info\/wp-content\/uploads\/2024\/01\/PANTALLAS DE VISUALIZACI\u00d3N DE DATOS.pdf\" target=\"_blank\" rel=\"noopener\">Pantallas de Visualozaci\u00f3n de Datos<\/a> \u2013 Vitaly Healt Services.<br \/>\nConclus\u00e3o em 05\/2025.<\/li>\n<li><a href=\"https:\/\/lucianogg.info\/wp-content\/uploads\/2024\/01\/Prevencio de Riesgos Laborales.pdf\" target=\"_blank\" rel=\"noopener\">Prevenci\u00f3n de Riesgos Laborales<\/a> \u2013 Plan-A Asesor\u00eda y Formaci\u00f3n.<br \/>\nConclus\u00e3o em 05\/2025.<\/li>\n<li><a href=\"https:\/\/lucianogg.info\/wp-content\/uploads\/2024\/01\/prevencion y proteccion digital.pdf\" target=\"_blank\" rel=\"noopener\">Prevenci\u00f3n y Protecci\u00f3n Digital<\/a> \u2013 Fundaci\u00f3n Estatal para la Formaci\u00f3n en el Empleo.<br \/>\nConclus\u00e3o em 03\/2025.<\/li>\n<li><a href=\"https:\/\/lucianogg.info\/wp-content\/uploads\/2024\/01\/Desarrolo-Web-Colon.pdf\" target=\"_blank\" rel=\"noopener\">Servidores Web<\/a>\u00a0\u2013 AC3 Evoluci\u00f3n Formativa.<br \/>\nConclus\u00e3o em 05\/2023.<\/li>\n<\/ol>\n","protected":false},"excerpt":{"rendered":"<p>FORMA\u00c7\u00c3O ACAD\u00caMICA Bacharel em Engenharia de Computa\u00e7\u00e3o pela PUC-GO (Brasil); (Hist\u00f3rico) N\u00edvel M\u00e9dio em Administra\u00e7\u00e3o pelo IFGoi\u00e2no (Brasil). (Hist\u00f3tico) LPIC-1: Linux Administrator [&hellip;]<\/p>\n","protected":false},"author":1,"featured_media":0,"parent":0,"menu_order":0,"comment_status":"closed","ping_status":"closed","template":"","meta":{"footnotes":""},"class_list":["post-117","page","type-page","status-publish","hentry"],"_links":{"self":[{"href":"https:\/\/lucianogg.info\/index.php?rest_route=\/wp\/v2\/pages\/117","targetHints":{"allow":["GET"]}}],"collection":[{"href":"https:\/\/lucianogg.info\/index.php?rest_route=\/wp\/v2\/pages"}],"about":[{"href":"https:\/\/lucianogg.info\/index.php?rest_route=\/wp\/v2\/types\/page"}],"author":[{"embeddable":true,"href":"https:\/\/lucianogg.info\/index.php?rest_route=\/wp\/v2\/users\/1"}],"replies":[{"embeddable":true,"href":"https:\/\/lucianogg.info\/index.php?rest_route=%2Fwp%2Fv2%2Fcomments&post=117"}],"version-history":[{"count":37,"href":"https:\/\/lucianogg.info\/index.php?rest_route=\/wp\/v2\/pages\/117\/revisions"}],"predecessor-version":[{"id":325,"href":"https:\/\/lucianogg.info\/index.php?rest_route=\/wp\/v2\/pages\/117\/revisions\/325"}],"wp:attachment":[{"href":"https:\/\/lucianogg.info\/index.php?rest_route=%2Fwp%2Fv2%2Fmedia&parent=117"}],"curies":[{"name":"wp","href":"https:\/\/api.w.org\/{rel}","templated":true}]}}